{"id":55,"date":"2024-06-20T03:53:07","date_gmt":"2024-06-20T03:53:07","guid":{"rendered":"https:\/\/demo.casethemes.net\/solarva\/?page_id=55"},"modified":"2025-03-22T15:02:40","modified_gmt":"2025-03-22T15:02:40","slug":"iletisim","status":"publish","type":"page","link":"https:\/\/yesilkaya.adameryazilim.com\/en\/iletisim\/","title":{"rendered":"Contact"},"content":{"rendered":"<div data-elementor-type=\"wp-page\" data-elementor-id=\"55\" class=\"elementor elementor-55\">\n\t\t\t\t        <section class=\"elementor-section elementor-top-section elementor-element elementor-element-471a0da elementor-section-stretched pxl-row-scroll-fixed elementor-section-boxed elementor-section-height-default elementor-section-height-default pxl-zoom-point-false pxl-section-overflow-visible pxl-section-fix-none\" data-id=\"471a0da\" data-element_type=\"section\" data-e-type=\"section\" data-settings=\"{&quot;stretch_section&quot;:&quot;section-stretched&quot;}\">\n\n                \n                <div class=\"elementor-container elementor-column-gap-extended\">\n                <div class=\"elementor-column elementor-col-50 elementor-top-column elementor-element elementor-element-853a7f9 pxl-column-sticky pxl-column-overflow-hidden-no\" data-id=\"853a7f9\" data-element_type=\"column\" data-e-type=\"column\">\r\n        <div class=\"elementor-widget-wrap elementor-element-populated\">\r\n                     \r\n        \t\t<div class=\"elementor-element elementor-element-42214d2 elementor-widget-mobile_extra__width-auto elementor-widget elementor-widget-pxl_contact_form\" data-id=\"42214d2\" data-element_type=\"widget\" data-e-type=\"widget\" data-widget_type=\"pxl_contact_form.default\">\n\t\t\t\t<div class=\"elementor-widget-container\">\n\t\t\t\t\t    <div class=\"pxl-contact-form  pxl-wpcf7-style5\" data-wow-delay=\"ms\">\r\n        <div class=\"pxl-item--container\">\r\n            <div class=\"pxl-item--inner\">\r\n                                    <h6 class=\"pxl-item--heading\">\r\n                        <span class=\"pxl-heading--text\">\r\n                            Get a Quote                        <\/span>\r\n                    <\/h6>\r\n                                                    <div class=\"pxl-item--desc\">\r\n                        <span class=\"pxl-desc--text\">\r\n                            Please fill out the form                        <\/span>\r\n                    <\/div>\r\n                                                    <div class=\"pxl-wpcf7-wrap\">                        \r\n                        \n<div class=\"wpcf7 no-js\" id=\"wpcf7-f727-o1\" lang=\"en-US\" dir=\"ltr\" data-wpcf7-id=\"727\">\n<div class=\"screen-reader-response\"><p role=\"status\" aria-live=\"polite\" aria-atomic=\"true\"><\/p> <ul><\/ul><\/div>\n<form action=\"\/en\/wp-json\/wp\/v2\/pages\/55#wpcf7-f727-o1\" method=\"post\" class=\"wpcf7-form init\" aria-label=\"Contact form\" novalidate=\"novalidate\" data-status=\"init\" data-trp-original-action=\"\/en\/wp-json\/wp\/v2\/pages\/55#wpcf7-f727-o1\">\n<div style=\"display: none;\">\n<input type=\"hidden\" name=\"_wpcf7\" value=\"727\" \/>\n<input type=\"hidden\" name=\"_wpcf7_version\" value=\"6.0.6\" \/>\n<input type=\"hidden\" name=\"_wpcf7_locale\" value=\"en_US\" \/>\n<input type=\"hidden\" name=\"_wpcf7_unit_tag\" value=\"wpcf7-f727-o1\" \/>\n<input type=\"hidden\" name=\"_wpcf7_container_post\" value=\"0\" \/>\n<input type=\"hidden\" name=\"_wpcf7_posted_data_hash\" value=\"\" \/>\n<\/div>\n<p><span class=\"wpcf7-form-control-wrap\" data-name=\"your-name\"><input size=\"40\" maxlength=\"400\" class=\"wpcf7-form-control wpcf7-text wpcf7-validates-as-required pxl-fied-name\" autocomplete=\"name\" aria-required=\"true\" aria-invalid=\"false\" placeholder=\"Full Name\" value=\"\" type=\"text\" name=\"your-name\" \/><\/span><i class=\"flaticon flaticon-person\"><\/i>\n<\/p>\n<p><span class=\"wpcf7-form-control-wrap\" data-name=\"your-email\"><input size=\"40\" maxlength=\"400\" class=\"wpcf7-form-control wpcf7-email wpcf7-validates-as-required wpcf7-text wpcf7-validates-as-email pxl-fied-email\" autocomplete=\"email\" aria-required=\"true\" aria-invalid=\"false\" placeholder=\"Email\" value=\"\" type=\"email\" name=\"your-email\" \/><\/span><i class=\"flaticon flaticon-envelope-open\"><\/i>\n<\/p>\n<p><span class=\"wpcf7-form-control-wrap\" data-name=\"tel-640\"><input size=\"40\" maxlength=\"400\" class=\"wpcf7-form-control wpcf7-tel wpcf7-validates-as-required wpcf7-text wpcf7-validates-as-tel pxl-fied-phone\" autocomplete=\"tel\" aria-required=\"true\" aria-invalid=\"false\" placeholder=\"Phone\" value=\"\" type=\"tel\" name=\"tel-640\" \/><\/span><i class=\"flaticon flaticon-telephone\"><\/i>\n<\/p>\n<p><button type=\"submit\" class=\"btn btn-submit pxl-hover-split-bg\"><span class=\"pxl-btn--text\">Submit Form<\/span><\/button>\n<\/p><div class=\"wpcf7-response-output\" aria-hidden=\"true\"><\/div>\n<input type=\"hidden\" name=\"trp-form-language\" value=\"en\"\/><\/form>\n<\/div>\n                                                    <div class=\"pxl-wpcf7-bg-loader\"><\/div>\r\n                            <div class=\"pxl-wpcf7-loader\"><\/div>\r\n                                            <\/div>\r\n                            <\/div>\r\n        <\/div>\r\n    <\/div>\r\n\t\t\t\t<\/div>\n\t\t\t\t<\/div>\n\t\t            <\/div>\r\n        <\/div>\r\n                <div class=\"elementor-column elementor-col-50 elementor-top-column elementor-element elementor-element-1baea2e pxl-column-none pxl-column-overflow-hidden-no\" data-id=\"1baea2e\" data-element_type=\"column\" data-e-type=\"column\" data-settings=\"{&quot;background_background&quot;:&quot;classic&quot;}\">\r\n        <div class=\"elementor-widget-wrap elementor-element-populated\">\r\n                     \r\n        \t\t<div class=\"elementor-element elementor-element-cf8559d elementor-widget elementor-widget-pxl_heading\" data-id=\"cf8559d\" data-element_type=\"widget\" data-e-type=\"widget\" data-widget_type=\"pxl_heading.default\">\n\t\t\t\t<div class=\"elementor-widget-container\">\n\t\t\t\t\t<div id=\"pxl-pxl_heading-cf8559d-3464\" class=\"pxl-heading\">\n\t<div class=\"pxl-item--container\">\n\t\t<div class=\"pxl-item--inner\">\n\t\t\t\t\t\t\t\t\t\t<h2 class=\"pxl-item--title heading-default2 h2 wow fadeInUp\" \n\t\t\t\tdata-wow-delay=\"ms\">\n\t\t\t\t\t\t\t\t\t\t\tContact Us\t\t\t\t\t\t\t\t\t<\/h2>\n\t\t\t\t\t<\/div>\n\t<\/div>\n<\/div>\t\t\t\t<\/div>\n\t\t\t\t<\/div>\n\t\t\t\t<div class=\"elementor-element elementor-element-9021ce5 elementor-widget elementor-widget-pxl_links\" data-id=\"9021ce5\" data-element_type=\"widget\" data-e-type=\"widget\" data-widget_type=\"pxl_links.default\">\n\t\t\t\t<div class=\"elementor-widget-container\">\n\t\t\t\t\t<!-- Template -->\r\n\r\n<div class=\"pxl-links pxl-layout-vertical pxl-layout-vertical2\" > \r\n    <div class=\"pxl-item--container\">\r\n        <div class=\"pxl-item--inner\">\r\n                                        <ul class=\"pxl-item--list\">\r\n                                                                    <li class=\"pxl-item--single elementor-repeater-item-062a7a5 wow fadeInUp\" data-wow-delay=\"0ms\">\r\n                            <a class=\"pxl-item--link active\" href=\"tel: 90 232 207 20 22\">\r\n                                                                    <span class=\"pxl-item--icon\">\r\n                                        <svg xmlns=\"http:\/\/www.w3.org\/2000\/svg\" xmlns:xlink=\"http:\/\/www.w3.org\/1999\/xlink\" width=\"32\" height=\"28\" viewbox=\"0 0 32 28\" fill=\"none\"><rect width=\"32\" height=\"28\" fill=\"url(#pattern0_22_464)\"><\/rect><defs><pattern id=\"pattern0_22_464\" patterncontentunits=\"objectBoundingBox\" width=\"1\" height=\"1\"><use xlink:href=\"#image0_22_464\" transform=\"scale(0.03125 0.0357143)\"><\/use><\/pattern><image id=\"image0_22_464\" width=\"32\" height=\"28\" xlink:href=\"data:image\/png;base64,iVBORw0KGgoAAAANSUhEUgAAACAAAAAcCAYAAAAAwr0iAAADAElEQVRIia2XTUgWURSGH7+s7IcUU0rSNNIsdCPZplVkhNEyKJIWFpELowgyaBeFixZtigSDFtEmXFhgEpTSIoOiH81sk1Bpf2YSRpA\/kW9cOROXadTvGztwuTPvOec9Z869c+dMmiRiyipgGZABfAJGY9G4BJIciyXtkdQqaUj\/yoikFkl7JaUny5uMkatSjaSBUMhBST2SHkv6GNI521rznVcCmZJue8RPJB2RlBthmyfpkKTnnn2bccRKwAXpNaJhSfu8J1ogqUzSThtlhgW++yV9Nd+XknJSTWCRpAcewRrD8yVdtvUOy4jp8s22wHyddElamEoCjeb41it3naSxiMBhGTPboIpvTH8m2QTWSZqU9FtSpWENSQQOS4P5bjGuMa86syZwyYia7X6bpKkYCUyZr+O4YtiFuRIokvTNjIsN644RPJBu4yi1+y\/hKgQXmyQ99RyfGV4xj+CBVEQ8SL8tDQkgG+gENnsH5EObd\/uHJvAKmPCwzzYCmTAb\/3wPOLo8rBi4A+S6BI4BeaETesDmQg+rAcqBSmASuGf6QrueNF252QayNsQZyEqg3iVQHfGJyLI528Pabe4D3gMdwC8bHYb1hWx9jsyIONUugaIIxUabhz3sLJADHAbW21xmw8eczTnPL+AojYhTxAxfthe2cY7+h01Yb1w9EbqhRMTaOCkB0oC20IaKI23GVRLhO5CwNyAsS4ACS65lHsFvAYNAFbA0Qt\/pSlMoaTyiPFXe4TQao\/Tf7Vh3HPcj9C5mYXAQ1UUY7PBOrFMpBv8pabv5HpzBZvqDlW6laAb6gQPAOHA3tDTFKZS9F6gFuoGtQJPhjfbuuz7y2l\/+JHu3oDF5J+m0pPbQsrjm46b1gwnz2SXph+kvxm3JgnFe0klJGSF8uTUvPrZaUpOX3NVQtxQrgaixQlKWjRJr2a57TYvbZCfmakzjBm+bZQO65uOGJTUnV9wfk5mcjgOtwIfkmeJV4FHEkzssZa64FXC\/Yxtgup9wMgW8tlc4eQH+AKh8\/jkq0dgPAAAAAElFTkSuQmCC\"><\/image><\/defs><\/svg>                                    <\/span>\r\n                                                                                                    <span class=\"pxl-item--text\" >\r\n                                        <span class=\"pxl-text--main\">+90 232 207 20 22<\/span>\r\n                                        <span class=\"pxl-text--copy\">+90 232 207 20 22<\/span>\r\n                                    <\/span>\r\n                                \r\n                                                            <\/a>\r\n                        <\/li>\r\n                                                                    <li class=\"pxl-item--single elementor-repeater-item-d40af04 wow fadeInUp\" data-wow-delay=\"100ms\">\r\n                            <a class=\"pxl-item--link\" >\r\n                                                                    <span class=\"pxl-item--icon\">\r\n                                        <svg xmlns=\"http:\/\/www.w3.org\/2000\/svg\" xmlns:xlink=\"http:\/\/www.w3.org\/1999\/xlink\" width=\"22\" height=\"26\" viewbox=\"0 0 22 26\" fill=\"#000\"><rect x=\"0.280762\" y=\"0.78125\" width=\"20.8333\" height=\"25\" fill=\"url(#pattern0_1770_2191)\"><\/rect><defs><pattern id=\"pattern0_1770_2191\" patterncontentunits=\"objectBoundingBox\" width=\"1\" height=\"1\"><use xlink:href=\"#image0_1770_2191\" transform=\"scale(0.05 0.0416667)\"><\/use><\/pattern><image id=\"image0_1770_2191\" width=\"20\" height=\"24\" xlink:href=\"data:image\/png;base64,iVBORw0KGgoAAAANSUhEUgAAABQAAAAYCAYAAAD6S912AAABnUlEQVQ4jaWVsWoCURBFJxYSUGztU20ZCFb5Bz9A7YTNB9goQvIBKS20F2xMLWwVfyOFNikEsRaiWW4Ycl8yvn1q1gxc3J25c3b37exTAIRUBhADmAFY4zfWzMX0ZHpDsDaADc7Hht6jwCKAscEsAfQB1ABUqRpzS+MbszcDdLA9gJ41BVSkZ2+gB8C2gdVPgHzVDbTtgGWzZr0cMKcee5VRFr4xt2b+Y94CSADsqIQ5f+3dmsbCMQAX24dtA+96G4D2WZuJmbOaZ0qYnwOIqDlzieetMb8Wc+WqZ9oxH5lcxNzO81YdpCAiqXzHp1werjdV4IonNx7ulb8jEYmokVcTr3eltzvl3Xb\/8VK6rE31pMWTN12CC8amwF6NliZKZrAbFwx2wwx2yZ+jdwCVHLAKe37m2BWuASxYmOQATtizIONgt7kHkNLQ+QOsQ2\/K3sz2ZU0azROwpvEdXDxkHpgrx4H6g3mSgV8PAa8ADM0dPDKnejL5IXNngQ76bJpfKBday8BOAZ10F\/4wID3O\/DHlAaru+CWo9Pi4F5AvvlXAVNTx+FMAAAAASUVORK5CYII=\"><\/image><\/defs><\/svg>                                    <\/span>\r\n                                                                                                    <span class=\"pxl-item--text\" >\r\n                                        <span class=\"pxl-text--main\">Zafer, 2334. Sk. no:10, 35395 Buca\/\u0130zmir<\/span>\r\n                                        <span class=\"pxl-text--copy\">Zafer, 2334. Sk. no:10, 35395 Buca\/\u0130zmir<\/span>\r\n                                    <\/span>\r\n                                \r\n                                                            <\/a>\r\n                        <\/li>\r\n                                                                    <li class=\"pxl-item--single elementor-repeater-item-938f66b wow fadeInUp\" data-wow-delay=\"200ms\">\r\n                            <a class=\"pxl-item--link\" href=\"mailto:solarva.energy@gmail.com\">\r\n                                                                    <span class=\"pxl-item--icon\">\r\n                                        <svg xmlns=\"http:\/\/www.w3.org\/2000\/svg\" xmlns:xlink=\"http:\/\/www.w3.org\/1999\/xlink\" width=\"25\" height=\"21\" viewbox=\"0 0 25 21\" fill=\"none\"><rect x=\"0.728516\" y=\"0.515625\" width=\"23.4375\" height=\"19.5312\" fill=\"url(#pattern0_1756_4097)\"><\/rect><defs><pattern id=\"pattern0_1756_4097\" patterncontentunits=\"objectBoundingBox\" width=\"1\" height=\"1\"><use xlink:href=\"#image0_1756_4097\" transform=\"scale(0.0416667 0.05)\"><\/use><\/pattern><image id=\"image0_1756_4097\" width=\"24\" height=\"20\" xlink:href=\"data:image\/png;base64,iVBORw0KGgoAAAANSUhEUgAAABgAAAAUCAYAAACXtf2DAAABVElEQVQ4jb2VMU8CQRCFP4yGxtjSUFnY8QPoiBRWWlObWNAZf4KViQ2lydWWdjQW1tRWREPsCYVUhETCMxNncQOnLh7hJZPc7Ox7b7N7O1uSBFAHLoFDYI9i+ADegA7QM4Nj4BHYLSi8jBlwYgYvwBHwCmReKAJb6MVCU9JcXxhJatiWFYyGaxnmNjDRN8zsVlL5HyZl584jvYkVxp70o8KzpNoa4jXnaElrHBs0JV1Lmnk+lXQlqfSLcMnnTJ0zc41mnkHY\/7qkQbSaJ0nVHPGq1wIGzg3n8KOBxb6kLCK\/S2pF9ZaPBWTOIdUgxFn0RxjuPQJGPmeZl2xgUZHU1Sq6XsvjLAx2Ei7UEDgF2sDEo+1jw7\/Iqe3BGtYd8OD5KPWmr9t\/koUDUraoELZiIP8+2KBu0JKdQd8fnBtvsZto1+f+3d\/Kg2NJeDIrGxK3+9EBep89ZMId7nuSUgAAAABJRU5ErkJggg==\"><\/image><\/defs><\/svg>                                    <\/span>\r\n                                                                                                    <span class=\"pxl-item--text\" >\r\n                                        <span class=\"pxl-text--main\">info@yesilkayapvc.com<\/span>\r\n                                        <span class=\"pxl-text--copy\">info@yesilkayapvc.com<\/span>\r\n                                    <\/span>\r\n                                \r\n                                                            <\/a>\r\n                        <\/li>\r\n                                    <\/ul>\r\n                    <\/div>\r\n    <\/div>\r\n<\/div>\r\n\t\t\t\t<\/div>\n\t\t\t\t<\/div>\n\t\t            <\/div>\r\n        <\/div>\r\n        \t\t\t<\/div>\n\t\t<\/section>\n\t\t        <section class=\"elementor-section elementor-top-section elementor-element elementor-element-d1b4696 elementor-section-stretched elementor-section-boxed elementor-section-height-default elementor-section-height-default pxl-row-scroll-none pxl-zoom-point-false pxl-section-overflow-visible pxl-section-fix-none\" data-id=\"d1b4696\" data-element_type=\"section\" data-e-type=\"section\" data-settings=\"{&quot;stretch_section&quot;:&quot;section-stretched&quot;}\">\n\n                \n                <div class=\"elementor-container elementor-column-gap-extended\">\n                <div class=\"elementor-column elementor-col-100 elementor-top-column elementor-element elementor-element-673b037 pxl-column-none pxl-column-overflow-hidden-no\" data-id=\"673b037\" data-element_type=\"column\" data-e-type=\"column\">\r\n        <div class=\"elementor-widget-wrap elementor-element-populated\">\r\n                     \r\n        \t\t<div class=\"elementor-element elementor-element-f8cb7d0 elementor-widget elementor-widget-google_maps\" data-id=\"f8cb7d0\" data-element_type=\"widget\" data-e-type=\"widget\" data-widget_type=\"google_maps.default\">\n\t\t\t\t<div class=\"elementor-widget-container\">\n\t\t\t\t\t\t\t<div class=\"elementor-custom-embed\">\n\t\t\t<iframe loading=\"lazy\"\n\t\t\t\t\tsrc=\"https:\/\/maps.google.com\/maps?q=Ye%C5%9Filkaya%20Winsa&#038;t=m&#038;z=16&#038;output=embed&#038;iwloc=near\"\n\t\t\t\t\ttitle=\"Ye\u015filkaya Winsa\"\n\t\t\t\t\taria-label=\"Ye\u015filkaya Winsa\"\n\t\t\t><\/iframe>\n\t\t<\/div>\n\t\t\t\t\t\t<\/div>\n\t\t\t\t<\/div>\n\t\t\t\t<div class=\"elementor-element elementor-element-3af63b9 elementor-widget elementor-widget-pxl_divider\" data-id=\"3af63b9\" data-element_type=\"widget\" data-e-type=\"widget\" data-widget_type=\"pxl_divider.default\">\n\t\t\t\t<div class=\"elementor-widget-container\">\n\t\t\t\t\t<div class=\"pxl-divider-wrap\">\r\n    <div class=\"pxl-divider\"><\/div>\r\n<\/div>\t\t\t\t<\/div>\n\t\t\t\t<\/div>\n\t\t            <\/div>\r\n        <\/div>\r\n        \t\t\t<\/div>\n\t\t<\/section>\n\t\t\t\t<\/div>","protected":false},"excerpt":{"rendered":"<p>Teklif Almak \u0130\u00e7in L\u00fctfen Formu Doldurun Formu G\u00f6nderin Bize Ula\u015f\u0131n +90 232 207 20 22 +90 232 207 20 22 Zafer, 2334. Sk. no:10, 35395 Buca\/\u0130zmir Zafer, 2334. Sk. no:10, 35395 Buca\/\u0130zmir info@yesilkayapvc.com info@yesilkayapvc.com<\/p>","protected":false},"author":1,"featured_media":12277,"parent":0,"menu_order":0,"comment_status":"closed","ping_status":"closed","template":"","meta":{"footnotes":""},"class_list":["post-55","page","type-page","status-publish","has-post-thumbnail","hentry"],"_links":{"self":[{"href":"https:\/\/yesilkaya.adameryazilim.com\/en\/wp-json\/wp\/v2\/pages\/55","targetHints":{"allow":["GET"]}}],"collection":[{"href":"https:\/\/yesilkaya.adameryazilim.com\/en\/wp-json\/wp\/v2\/pages"}],"about":[{"href":"https:\/\/yesilkaya.adameryazilim.com\/en\/wp-json\/wp\/v2\/types\/page"}],"author":[{"embeddable":true,"href":"https:\/\/yesilkaya.adameryazilim.com\/en\/wp-json\/wp\/v2\/users\/1"}],"replies":[{"embeddable":true,"href":"https:\/\/yesilkaya.adameryazilim.com\/en\/wp-json\/wp\/v2\/comments?post=55"}],"version-history":[{"count":20,"href":"https:\/\/yesilkaya.adameryazilim.com\/en\/wp-json\/wp\/v2\/pages\/55\/revisions"}],"predecessor-version":[{"id":12567,"href":"https:\/\/yesilkaya.adameryazilim.com\/en\/wp-json\/wp\/v2\/pages\/55\/revisions\/12567"}],"wp:featuredmedia":[{"embeddable":true,"href":"https:\/\/yesilkaya.adameryazilim.com\/en\/wp-json\/wp\/v2\/media\/12277"}],"wp:attachment":[{"href":"https:\/\/yesilkaya.adameryazilim.com\/en\/wp-json\/wp\/v2\/media?parent=55"}],"curies":[{"name":"wp","href":"https:\/\/api.w.org\/{rel}","templated":true}]}}