{"id":37,"date":"2024-06-20T03:45:57","date_gmt":"2024-06-20T03:45:57","guid":{"rendered":"https:\/\/demo.casethemes.net\/solarva\/?page_id=37"},"modified":"2025-03-23T10:22:38","modified_gmt":"2025-03-23T10:22:38","slug":"hakkimizda","status":"publish","type":"page","link":"https:\/\/yesilkaya.adameryazilim.com\/fr\/hakkimizda\/","title":{"rendered":"Hakk\u0131m\u0131zda"},"content":{"rendered":"<div data-elementor-type=\"wp-page\" data-elementor-id=\"37\" class=\"elementor elementor-37\">\n\t\t\t\t        <section class=\"elementor-section elementor-top-section elementor-element elementor-element-c4ec693 elementor-section-boxed elementor-section-height-default elementor-section-height-default pxl-row-scroll-none pxl-zoom-point-false pxl-section-overflow-visible pxl-section-fix-none\" data-id=\"c4ec693\" data-element_type=\"section\" data-e-type=\"section\">\n\n                \n                <div class=\"elementor-container elementor-column-gap-default\">\n                <div class=\"elementor-column elementor-col-100 elementor-top-column elementor-element elementor-element-baed602 pxl-column-none pxl-column-overflow-hidden-no\" data-id=\"baed602\" data-element_type=\"column\" data-e-type=\"column\">\r\n        <div class=\"elementor-widget-wrap elementor-element-populated\">\r\n                     \r\n        \t\t<div class=\"elementor-element elementor-element-61284fb elementor-widget-divider--view-line elementor-widget elementor-widget-divider\" data-id=\"61284fb\" data-element_type=\"widget\" data-e-type=\"widget\" data-widget_type=\"divider.default\">\n\t\t\t\t<div class=\"elementor-widget-container\">\n\t\t\t\t\t\t\t<div class=\"elementor-divider\">\n\t\t\t<span class=\"elementor-divider-separator\">\n\t\t\t\t\t\t<\/span>\n\t\t<\/div>\n\t\t\t\t\t\t<\/div>\n\t\t\t\t<\/div>\n\t\t            <\/div>\r\n        <\/div>\r\n        \t\t\t<\/div>\n\t\t<\/section>\n\t\t        <section class=\"elementor-section elementor-top-section elementor-element elementor-element-28b7eb2 elementor-section-stretched elementor-section-boxed elementor-section-height-default elementor-section-height-default pxl-row-scroll-none pxl-zoom-point-false pxl-section-overflow-visible pxl-section-fix-none\" data-id=\"28b7eb2\" data-element_type=\"section\" data-e-type=\"section\" data-settings=\"{&quot;stretch_section&quot;:&quot;section-stretched&quot;,&quot;background_background&quot;:&quot;classic&quot;}\">\n\n                \n                <div class=\"elementor-container elementor-column-gap-extended\">\n                <div class=\"elementor-column elementor-col-50 elementor-top-column elementor-element elementor-element-90e8458 pxl-column-overflow-hidden-yes pxl-column-none\" data-id=\"90e8458\" data-element_type=\"column\" data-e-type=\"column\">\r\n        <div class=\"elementor-widget-wrap elementor-element-populated\">\r\n                     \r\n                <section class=\"elementor-section elementor-inner-section elementor-element elementor-element-04aaf71 elementor-section-full_width elementor-section-height-default elementor-section-height-default pxl-row-scroll-none pxl-zoom-point-false pxl-section-overflow-visible pxl-section-fix-none pxl-full-content-with-space-none\" data-id=\"04aaf71\" data-element_type=\"section\" data-e-type=\"section\">\n\n                \n                <div class=\"elementor-container elementor-column-gap-no\">\n                <div class=\"elementor-column elementor-col-100 elementor-inner-column elementor-element elementor-element-6114510 pxl-column-none pxl-column-overflow-hidden-no\" data-id=\"6114510\" data-element_type=\"column\" data-e-type=\"column\">\r\n        <div class=\"elementor-widget-wrap elementor-element-populated\">\r\n                     \r\n        \t\t<div class=\"elementor-element elementor-element-2d4ded5 elementor-widget elementor-widget-image\" data-id=\"2d4ded5\" data-element_type=\"widget\" data-e-type=\"widget\" data-widget_type=\"image.default\">\n\t\t\t\t<div class=\"elementor-widget-container\">\n\t\t\t\t\t\t\t\t\t\t\t\t\t\t\t<img fetchpriority=\"high\" decoding=\"async\" width=\"800\" height=\"600\" src=\"https:\/\/yesilkaya.adameryazilim.com\/wp-content\/uploads\/2025\/03\/IMG-20230614-WA0007-800x600-1.jpg\" class=\"attachment-large size-large wp-image-12453\" alt=\"\" srcset=\"https:\/\/yesilkaya.adameryazilim.com\/wp-content\/uploads\/2025\/03\/IMG-20230614-WA0007-800x600-1.jpg 800w, https:\/\/yesilkaya.adameryazilim.com\/wp-content\/uploads\/2025\/03\/IMG-20230614-WA0007-800x600-1-300x225.jpg 300w, https:\/\/yesilkaya.adameryazilim.com\/wp-content\/uploads\/2025\/03\/IMG-20230614-WA0007-800x600-1-768x576.jpg 768w, https:\/\/yesilkaya.adameryazilim.com\/wp-content\/uploads\/2025\/03\/IMG-20230614-WA0007-800x600-1-600x450.jpg 600w\" sizes=\"(max-width: 800px) 100vw, 800px\" \/>\t\t\t\t\t\t\t\t\t\t\t\t\t\t\t<\/div>\n\t\t\t\t<\/div>\n\t\t            <\/div>\r\n        <\/div>\r\n        \t\t\t<\/div>\n\t\t<\/section>\n\t\t            <\/div>\r\n        <\/div>\r\n                <div class=\"elementor-column elementor-col-50 elementor-top-column elementor-element elementor-element-6301d13 pxl-column-none pxl-column-overflow-hidden-no\" data-id=\"6301d13\" data-element_type=\"column\" data-e-type=\"column\">\r\n        <div class=\"elementor-widget-wrap elementor-element-populated\">\r\n                     \r\n        \t\t<div class=\"elementor-element elementor-element-17e083a elementor-widget elementor-widget-pxl_heading\" data-id=\"17e083a\" data-element_type=\"widget\" data-e-type=\"widget\" data-widget_type=\"pxl_heading.default\">\n\t\t\t\t<div class=\"elementor-widget-container\">\n\t\t\t\t\t<div id=\"pxl-pxl_heading-17e083a-1821\" class=\"pxl-heading\">\n\t<div class=\"pxl-item--container\">\n\t\t<div class=\"pxl-item--inner\">\n\t\t\t\t\t\t\t\t\t\t<h2 class=\"pxl-item--title  h2 wow fadeInUp\" \n\t\t\t\tdata-wow-delay=\"ms\">\n\t\t\t\t\t\t\t\t\t\t\tL'adresse de la qualit\u00e9 et de la confiance avec 20 ans d'exp\u00e9rience\t\t\t\t\t\t\t\t\t<\/h2>\n\t\t\t\t\t<\/div>\n\t<\/div>\n<\/div>\t\t\t\t<\/div>\n\t\t\t\t<\/div>\n\t\t\t\t<div class=\"elementor-element elementor-element-47f01f3 elementor-widget elementor-widget-pxl_text_editor\" data-id=\"47f01f3\" data-element_type=\"widget\" data-e-type=\"widget\" data-widget_type=\"pxl_text_editor.default\">\n\t\t\t\t<div class=\"elementor-widget-container\">\n\t\t\t\t\t<div class=\"pxl-text-editor\">\n\t<div class=\"pxl-item--inner pxl-custom\" data-wow-delay=\"ms\">\n\t\t<p>Ye\u015filkaya PVC est l'une des entreprises leaders dans le secteur des syst\u00e8mes de portes et fen\u00eatres en PVC et en aluminium, avec plus de 20 ans d'exp\u00e9rience. En tant que fabricant agr\u00e9\u00e9 de Winsa, notre entreprise produit selon des normes \u00e9lev\u00e9es et met en \u0153uvre avec succ\u00e8s les syst\u00e8mes de profil\u00e9s en aluminium de nombreuses marques prestigieuses. En alliant esth\u00e9tique, durabilit\u00e9 et fonctionnalit\u00e9, nous apportons une r\u00e9elle valeur \u00e0 vos espaces de vie.<\/p>\t\t\n\t<\/div>\n<\/div>\t\t\t\t<\/div>\n\t\t\t\t<\/div>\n\t\t            <\/div>\r\n        <\/div>\r\n        \t\t\t<\/div>\n\t\t<\/section>\n\t\t\t\t<\/div>","protected":false},"excerpt":{"rendered":"<p>20 Y\u0131ll\u0131k Tecr\u00fcbe ile Kalitenin ve G\u00fcvenin Adresi Ye\u015filkaya PVC, 20 y\u0131l\u0131 a\u015fk\u0131n tecr\u00fcbesiyle PVC ve al\u00fcminyum kap\u0131 &amp; pencere sistemlerinde sekt\u00f6re y\u00f6n veren firmalardan biridir. Winsa \u00fcretici bayisi olarak y\u00fcksek standartlarda \u00fcretim yapan firmam\u0131z, ayn\u0131 zamanda bir\u00e7ok se\u00e7kin markan\u0131n al\u00fcminyum do\u011frama sistemlerini de ba\u015far\u0131yla uygulamaktad\u0131r. Estetik, dayan\u0131kl\u0131l\u0131k ve i\u015flevselli\u011fi bir araya getirerek ya\u015fam alanlar\u0131n\u0131za [&hellip;]<\/p>","protected":false},"author":1,"featured_media":0,"parent":0,"menu_order":0,"comment_status":"closed","ping_status":"closed","template":"","meta":{"footnotes":""},"class_list":["post-37","page","type-page","status-publish","hentry"],"_links":{"self":[{"href":"https:\/\/yesilkaya.adameryazilim.com\/fr\/wp-json\/wp\/v2\/pages\/37","targetHints":{"allow":["GET"]}}],"collection":[{"href":"https:\/\/yesilkaya.adameryazilim.com\/fr\/wp-json\/wp\/v2\/pages"}],"about":[{"href":"https:\/\/yesilkaya.adameryazilim.com\/fr\/wp-json\/wp\/v2\/types\/page"}],"author":[{"embeddable":true,"href":"https:\/\/yesilkaya.adameryazilim.com\/fr\/wp-json\/wp\/v2\/users\/1"}],"replies":[{"embeddable":true,"href":"https:\/\/yesilkaya.adameryazilim.com\/fr\/wp-json\/wp\/v2\/comments?post=37"}],"version-history":[{"count":48,"href":"https:\/\/yesilkaya.adameryazilim.com\/fr\/wp-json\/wp\/v2\/pages\/37\/revisions"}],"predecessor-version":[{"id":12671,"href":"https:\/\/yesilkaya.adameryazilim.com\/fr\/wp-json\/wp\/v2\/pages\/37\/revisions\/12671"}],"wp:attachment":[{"href":"https:\/\/yesilkaya.adameryazilim.com\/fr\/wp-json\/wp\/v2\/media?parent=37"}],"curies":[{"name":"wp","href":"https:\/\/api.w.org\/{rel}","templated":true}]}}